{"id":29,"date":"2021-04-01T05:15:48","date_gmt":"2021-04-01T05:15:48","guid":{"rendered":"https:\/\/www.monadinas.com\/?page_id=29"},"modified":"2023-07-26T00:50:56","modified_gmt":"2023-07-26T00:50:56","slug":"utensilios","status":"publish","type":"page","link":"https:\/\/www.monadinas.com\/?page_id=29","title":{"rendered":"Utensilios"},"content":{"rendered":"\t\t<div data-elementor-type=\"wp-page\" data-elementor-id=\"29\" class=\"elementor elementor-29\" data-elementor-post-type=\"page\">\n\t\t\t\t\t\t<section class=\"elementor-section elementor-top-section elementor-element elementor-element-ffd612d elementor-section-boxed elementor-section-height-default elementor-section-height-default\" data-id=\"ffd612d\" data-element_type=\"section\" data-e-type=\"section\" data-settings=\"{&quot;background_background&quot;:&quot;classic&quot;}\">\n\t\t\t\t\t\t\t<div class=\"elementor-background-overlay\"><\/div>\n\t\t\t\t\t\t\t<div class=\"elementor-container elementor-column-gap-no\">\n\t\t\t\t\t<div class=\"elementor-column elementor-col-100 elementor-top-column elementor-element elementor-element-7ac3459\" data-id=\"7ac3459\" data-element_type=\"column\" data-e-type=\"column\">\n\t\t\t<div class=\"elementor-widget-wrap elementor-element-populated\">\n\t\t\t\t\t\t<div class=\"elementor-element elementor-element-a1f75c4 elementor-widget elementor-widget-heading\" data-id=\"a1f75c4\" data-element_type=\"widget\" data-e-type=\"widget\" data-widget_type=\"heading.default\">\n\t\t\t\t<div class=\"elementor-widget-container\">\n\t\t\t\t\t<h1 class=\"elementor-heading-title elementor-size-default\">Utensilios<\/h1>\t\t\t\t<\/div>\n\t\t\t\t<\/div>\n\t\t\t\t\t<\/div>\n\t\t<\/div>\n\t\t\t\t\t<\/div>\n\t\t<\/section>\n\t\t\t\t<section class=\"elementor-section elementor-top-section elementor-element elementor-element-1df2827 elementor-section-boxed elementor-section-height-default elementor-section-height-default\" data-id=\"1df2827\" data-element_type=\"section\" data-e-type=\"section\">\n\t\t\t\t\t\t<div class=\"elementor-container elementor-column-gap-default\">\n\t\t\t\t\t<div class=\"elementor-column elementor-col-100 elementor-top-column elementor-element elementor-element-e855445\" data-id=\"e855445\" data-element_type=\"column\" data-e-type=\"column\">\n\t\t\t<div class=\"elementor-widget-wrap elementor-element-populated\">\n\t\t\t\t\t\t<div class=\"elementor-element elementor-element-d7ac626 elementor-widget elementor-widget-posts\" data-id=\"d7ac626\" data-element_type=\"widget\" data-e-type=\"widget\" data-settings=\"{&quot;full_content_row_gap&quot;:{&quot;unit&quot;:&quot;px&quot;,&quot;size&quot;:35,&quot;sizes&quot;:[]}}\" data-widget_type=\"posts.full_content\">\n\t\t\t\t<div class=\"elementor-widget-container\">\n\t\t\t\t\t\t\t<div class=\"elementor-posts-container elementor-posts elementor-posts--skin-full_content elementor-grid\" role=\"list\">\n\t\t\t\t<article class=\"elementor-post elementor-grid-item post-685 post type-post status-publish format-standard hentry category-utensilios tag-cafe tag-infusiones tag-tazas tag-thermo\" role=\"listitem\">\n\t\t\t\t<div class=\"elementor-post__text\">\n\t\t\t\t<h3 class=\"elementor-post__title\">\n\t\t\t<a href=\"https:\/\/www.monadinas.com\/?p=685\" >\n\t\t\t\tYo y mi taza, mi taza y yo\t\t\t<\/a>\n\t\t<\/h3>\n\t\t<div class=\"elementor-post__content\"><style><\/style>\t\t<div data-elementor-type=\"wp-post\" data-elementor-id=\"685\" class=\"elementor elementor-685\" data-elementor-post-type=\"post\">\n\t\t\t\t\t\t<section class=\"elementor-section elementor-top-section elementor-element elementor-element-d10bfda elementor-section-boxed elementor-section-height-default elementor-section-height-default\" data-id=\"d10bfda\" data-element_type=\"section\" data-e-type=\"section\">\n\t\t\t\t\t\t<div class=\"elementor-container elementor-column-gap-default\">\n\t\t\t\t\t<div class=\"elementor-column elementor-col-100 elementor-top-column elementor-element elementor-element-c9739ac\" data-id=\"c9739ac\" data-element_type=\"column\" data-e-type=\"column\">\n\t\t\t<div class=\"elementor-widget-wrap elementor-element-populated\">\n\t\t\t\t\t\t<div class=\"elementor-element elementor-element-1749dc7 elementor-widget elementor-widget-text-editor\" data-id=\"1749dc7\" data-element_type=\"widget\" data-e-type=\"widget\" data-widget_type=\"text-editor.default\">\n\t\t\t\t<div class=\"elementor-widget-container\">\n\t\t\t\t\t\t\t\t\t<p>Much\u00edsima gente que conozco dice no ser persona hasta tomar el caf\u00e9 de la ma\u00f1ana, yo era de esas, lo que pasa es que ya no puedo tomar caf\u00e9 porque me sienta fatal, peeeeeeeeeero s\u00ed que necesito tomar mi <strong>achicoria<\/strong>, entrar\u00e9 en m\u00e1s detalle sobre esta maravilla de <strong>bebida sin cafe\u00edna y delicioso sabor<\/strong>, en otro momento, porque hoy vengo a hablar del continente no del contenido.<\/p><p>Cualquiera que me conozca sabe que me gustaba hacerme mi propio caf\u00e9 y ahora que bebo achicoria, que no la ponen en ninguna cafeter\u00eda de Espa\u00f1a que yo conozca, con m\u00e1s motivo tengo que llevarlo de casa, y lo mejor es hacerlo en mi taza, he tenido muchos vasos y tazas t\u00e9rmicas, y a d\u00eda de hoy mis favoritas del mundo entero son:<\/p><ul><li>El vaso t\u00e9rmico de <a href=\"https:\/\/amzn.to\/44FrpMZ\">Cool bottles,<\/a> me gusta porque es muy f\u00e1cil de lavar, mantiene la temperatura durante much\u00edsimo tiempo y si cierras bien la tapa es totalmente herm\u00e9tico, tienen repuestos de tapas y es una empresa nacional, y apoyar a los emprendedores de aqu\u00ed siempre es buena idea.<\/li><li>\u00a0La taza t\u00e9rmica de marca indeterminada pero vendida por <a href=\"https:\/\/www.amazon.es\/t%C3%A9rmico-inoxidable-pajita-aislada-caliente\/dp\/B0C7QCX62Q\/ref=sr_1_19?__mk_es_ES=%C3%85M%C3%85%C5%BD%C3%95%C3%91&amp;crid=34028F7JO2OAL&amp;keywords=taza%2Bt%C3%A9rmica&amp;qid=1690331204&amp;s=kitchen&amp;sprefix=taza%2Bt%C3%A9rmica%2Ckitchen%2C113&amp;sr=1-19&amp;th=1\">Amazon\u00a0<\/a>que encaja perfectamente en el espacio del coche, es grande, se limpia muy f\u00e1cil, mantiene las temperaturas y viene con pajita y limpiador de pajitas.<\/li><\/ul><p>La verdad es que las dos son unas autenticas monadinas.<\/p>\t\t\t\t\t\t\t\t<\/div>\n\t\t\t\t<\/div>\n\t\t\t\t\t<\/div>\n\t\t<\/div>\n\t\t\t\t\t<\/div>\n\t\t<\/section>\n\t\t\t\t<\/div>\n\t\t<\/div>\t\t<\/div>\n\t\t\t\t<\/article>\n\t\t\t\t<\/div>\n\t\t\n\t\t\t\t\t\t<\/div>\n\t\t\t\t<\/div>\n\t\t\t\t\t<\/div>\n\t\t<\/div>\n\t\t\t\t\t<\/div>\n\t\t<\/section>\n\t\t\t\t<section class=\"elementor-section elementor-top-section elementor-element elementor-element-2434a46 elementor-section-boxed elementor-section-height-default elementor-section-height-default\" data-id=\"2434a46\" data-element_type=\"section\" data-e-type=\"section\">\n\t\t\t\t\t\t<div class=\"elementor-container elementor-column-gap-no\">\n\t\t\t\t\t<div class=\"elementor-column elementor-col-100 elementor-top-column elementor-element elementor-element-42ec286\" data-id=\"42ec286\" data-element_type=\"column\" data-e-type=\"column\">\n\t\t\t<div class=\"elementor-widget-wrap\">\n\t\t\t\t\t\t\t<\/div>\n\t\t<\/div>\n\t\t\t\t\t<\/div>\n\t\t<\/section>\n\t\t\t\t<\/div>\n\t\t","protected":false},"excerpt":{"rendered":"<p>Utensilios<\/p>\n","protected":false},"author":1,"featured_media":0,"parent":0,"menu_order":0,"comment_status":"closed","ping_status":"closed","template":"","meta":{"site-sidebar-layout":"no-sidebar","site-content-layout":"page-builder","ast-site-content-layout":"default","site-content-style":"default","site-sidebar-style":"default","ast-global-header-display":"","ast-banner-title-visibility":"","ast-main-header-display":"","ast-hfb-above-header-display":"","ast-hfb-below-header-display":"","ast-hfb-mobile-header-display":"","site-post-title":"disabled","ast-breadcrumbs-content":"disabled","ast-featured-img":"disabled","footer-sml-layout":"","ast-disable-related-posts":"","theme-transparent-header-meta":"enabled","adv-header-id-meta":"","stick-header-meta":"","header-above-stick-meta":"","header-main-stick-meta":"","header-below-stick-meta":"","astra-migrate-meta-layouts":"default","ast-page-background-enabled":"default","ast-page-background-meta":{"desktop":{"background-color":"","background-image":"","background-repeat":"repeat","background-position":"center center","background-size":"auto","background-attachment":"scroll","background-type":"","background-media":"","overlay-type":"","overlay-color":"","overlay-opacity":"","overlay-gradient":""},"tablet":{"background-color":"","background-image":"","background-repeat":"repeat","background-position":"center center","background-size":"auto","background-attachment":"scroll","background-type":"","background-media":"","overlay-type":"","overlay-color":"","overlay-opacity":"","overlay-gradient":""},"mobile":{"background-color":"","background-image":"","background-repeat":"repeat","background-position":"center center","background-size":"auto","background-attachment":"scroll","background-type":"","background-media":"","overlay-type":"","overlay-color":"","overlay-opacity":"","overlay-gradient":""}},"ast-content-background-meta":{"desktop":{"background-color":"var(--ast-global-color-5)","background-image":"","background-repeat":"repeat","background-position":"center center","background-size":"auto","background-attachment":"scroll","background-type":"","background-media":"","overlay-type":"","overlay-color":"","overlay-opacity":"","overlay-gradient":""},"tablet":{"background-color":"var(--ast-global-color-5)","background-image":"","background-repeat":"repeat","background-position":"center center","background-size":"auto","background-attachment":"scroll","background-type":"","background-media":"","overlay-type":"","overlay-color":"","overlay-opacity":"","overlay-gradient":""},"mobile":{"background-color":"var(--ast-global-color-5)","background-image":"","background-repeat":"repeat","background-position":"center center","background-size":"auto","background-attachment":"scroll","background-type":"","background-media":"","overlay-type":"","overlay-color":"","overlay-opacity":"","overlay-gradient":""}},"footnotes":""},"class_list":["post-29","page","type-page","status-publish","hentry"],"_links":{"self":[{"href":"https:\/\/www.monadinas.com\/index.php?rest_route=\/wp\/v2\/pages\/29","targetHints":{"allow":["GET"]}}],"collection":[{"href":"https:\/\/www.monadinas.com\/index.php?rest_route=\/wp\/v2\/pages"}],"about":[{"href":"https:\/\/www.monadinas.com\/index.php?rest_route=\/wp\/v2\/types\/page"}],"author":[{"embeddable":true,"href":"https:\/\/www.monadinas.com\/index.php?rest_route=\/wp\/v2\/users\/1"}],"replies":[{"embeddable":true,"href":"https:\/\/www.monadinas.com\/index.php?rest_route=%2Fwp%2Fv2%2Fcomments&post=29"}],"version-history":[{"count":11,"href":"https:\/\/www.monadinas.com\/index.php?rest_route=\/wp\/v2\/pages\/29\/revisions"}],"predecessor-version":[{"id":711,"href":"https:\/\/www.monadinas.com\/index.php?rest_route=\/wp\/v2\/pages\/29\/revisions\/711"}],"wp:attachment":[{"href":"https:\/\/www.monadinas.com\/index.php?rest_route=%2Fwp%2Fv2%2Fmedia&parent=29"}],"curies":[{"name":"wp","href":"https:\/\/api.w.org\/{rel}","templated":true}]}}